{"id":511,"date":"2024-03-18T11:30:47","date_gmt":"2024-03-18T11:30:47","guid":{"rendered":"https:\/\/dentist-lisbon-maire.pt\/turismo-dentario\/"},"modified":"2026-01-06T15:27:49","modified_gmt":"2026-01-06T15:27:49","slug":"turismo-dentario","status":"publish","type":"page","link":"https:\/\/dentist-lisbon-maire.pt\/pt-pt\/turismo-dentario\/","title":{"rendered":"Turismo dent\u00e1rio"},"content":{"rendered":"\n<h2 class=\"wp-block-heading\">N\u00e3o h\u00e1 fronteiras para o seu novo sorriso&#8230;<\/h2>\n\n<p class=\"has-text-align-justify\">Ao longo dos \u00faltimos anos, <strong>a theclinic\u00ae<\/strong> tem acompanhado um grande n\u00famero de pacientes internacionais, quer residam em Portugal, quer se desloquem a Lisboa exclusivamente para tratamento dent\u00e1rio.<\/p>\n\n<p class=\"has-text-align-justify\">Fomos uma escolha consensual para pacientes portugueses e estrangeiros que t\u00eam complexos com o seu sorriso. Com equipas m\u00e9dicas e de atendimento que falam v\u00e1rias l\u00ednguas, combinamos a especializa\u00e7\u00e3o em implantologia avan\u00e7ada e reabilita\u00e7\u00e3o oral est\u00e9tica com o estilo de vida e a hospitalidade que s\u00f3 Lisboa pode oferecer.<\/p>\n\n<figure class=\"wp-block-video\"><video controls=\"\" poster=\"https:\/\/dentist-lisbon-maire.pt\/wp-content\/uploads\/2024\/03\/docteur-christian-maire-nouveau-sourire-lisbonne-portugal.webp\" src=\"https:\/\/player.vimeo.com\/progressive_redirect\/playback\/925056402\/rendition\/1080p\/file.mp4?loc=external&amp;log_user=0&amp;signature=44f183810ea57056c36234ded1912bd90ffaf30d5ebe76d7f8e2cdc462d98e5a\"><\/video><\/figure>\n\n<p class=\"has-text-align-justify\">O servi\u00e7o de turismo dent\u00e1rio foi desenvolvido com o objetivo de oferecer a melhor prepara\u00e7\u00e3o e acompanhamento poss\u00edvel aos pacientes que pretendam combinar um tratamento dent\u00e1rio com uma visita tur\u00edstica a Lisboa e a Portugal.<\/p>\n\n<h2 class=\"wp-block-heading\">Experi\u00eancia m\u00e9dica de renome mundial<\/h2>\n\n<p class=\"has-text-align-justify\">O exerc\u00edcio da medicina dent\u00e1ria em Portugal \u00e9 um dos mais reconhecidos na Europa. Pioneiros no desenvolvimento de tratamentos dent\u00e1rios de carga total imediata, os dentistas portugueses foram os primeiros a desenvolver os tratamentos All-on-4\u00ae, em que os pacientes podem substituir todos os dentes de uma s\u00f3 arcada utilizando apenas quatro implantes dent\u00e1rios, num \u00fanico procedimento cir\u00fargico. O procedimento n\u00e3o requer enxertos e demora apenas algumas horas.<\/p>\n\n<p class=\"has-text-align-justify\">Uma inova\u00e7\u00e3o que, nos \u00faltimos 20 anos, foi adoptada por toda a comunidade m\u00e9dica internacional.<\/p>\n\n<h2 class=\"wp-block-heading\">Lisboa \u00e9 uma das principais cidades de destino da Europa<\/h2>\n\n<div class=\"wp-block-group\"><div class=\"wp-block-group__inner-container is-layout-constrained wp-block-group-is-layout-constrained\">\n<figure class=\"wp-block-image size-large\"><img loading=\"lazy\" decoding=\"async\" width=\"1024\" height=\"568\" src=\"https:\/\/dentist-lisbon-maire.pt\/wp-content\/uploads\/2024\/03\/lisbonne-ville-tourisme-dentaire-1024x568.webp\" alt=\"Turismo dent\u00e1rio\" class=\"wp-image-632\" srcset=\"https:\/\/dentist-lisbon-maire.pt\/wp-content\/uploads\/2024\/03\/lisbonne-ville-tourisme-dentaire-1024x568.webp 1024w, https:\/\/dentist-lisbon-maire.pt\/wp-content\/uploads\/2024\/03\/lisbonne-ville-tourisme-dentaire-300x166.webp 300w, https:\/\/dentist-lisbon-maire.pt\/wp-content\/uploads\/2024\/03\/lisbonne-ville-tourisme-dentaire-768x426.webp 768w, https:\/\/dentist-lisbon-maire.pt\/wp-content\/uploads\/2024\/03\/lisbonne-ville-tourisme-dentaire-1536x852.webp 1536w, https:\/\/dentist-lisbon-maire.pt\/wp-content\/uploads\/2024\/03\/lisbonne-ville-tourisme-dentaire.webp 2020w\" sizes=\"auto, (max-width: 1024px) 100vw, 1024px\" \/><\/figure>\n\n\n\n<p class=\"has-text-align-justify\">Portugal \u00e9 um dos destinos mais procurados em toda a Europa, e a cidade de Lisboa ganha todos os anos v\u00e1rias distin\u00e7\u00f5es e pr\u00e9mios no sector do turismo.<\/p>\n<\/div><\/div>\n\n<p class=\"has-text-align-justify\">A gastronomia, reconhecida e elogiada em todo o mundo, e o clima mediterr\u00e2nico fazem do nosso pa\u00eds uma atra\u00e7\u00e3o \u00fanica e diferente. Estas condi\u00e7\u00f5es \u00fanicas permitem aos nossos pacientes combinar o seu tratamento dent\u00e1rio com um destino tur\u00edstico de elei\u00e7\u00e3o.<\/p>\n\n<figure class=\"wp-block-gallery has-nested-images columns-2 is-cropped wp-block-gallery-1 is-layout-flex wp-block-gallery-is-layout-flex\">\n<figure class=\"wp-block-image size-full\"><img loading=\"lazy\" decoding=\"async\" width=\"2020\" height=\"1000\" data-id=\"596\" src=\"https:\/\/dentist-lisbon-maire.pt\/wp-content\/uploads\/2024\/03\/lisbonne-dentiste-maire-soins-dentaires-portugal.webp\" alt=\"Turismo dent\u00e1rio\" class=\"wp-image-596\" srcset=\"https:\/\/dentist-lisbon-maire.pt\/wp-content\/uploads\/2024\/03\/lisbonne-dentiste-maire-soins-dentaires-portugal.webp 2020w, https:\/\/dentist-lisbon-maire.pt\/wp-content\/uploads\/2024\/03\/lisbonne-dentiste-maire-soins-dentaires-portugal-300x149.webp 300w, https:\/\/dentist-lisbon-maire.pt\/wp-content\/uploads\/2024\/03\/lisbonne-dentiste-maire-soins-dentaires-portugal-1024x507.webp 1024w, https:\/\/dentist-lisbon-maire.pt\/wp-content\/uploads\/2024\/03\/lisbonne-dentiste-maire-soins-dentaires-portugal-768x380.webp 768w, https:\/\/dentist-lisbon-maire.pt\/wp-content\/uploads\/2024\/03\/lisbonne-dentiste-maire-soins-dentaires-portugal-1536x760.webp 1536w\" sizes=\"auto, (max-width: 2020px) 100vw, 2020px\" \/><\/figure>\n\n\n\n<figure class=\"wp-block-image size-full\"><img loading=\"lazy\" decoding=\"async\" width=\"2020\" height=\"1000\" data-id=\"598\" src=\"https:\/\/dentist-lisbon-maire.pt\/wp-content\/uploads\/2024\/03\/lisbonne-docteur-christian-maire-dentiste-portugal.webp\" alt=\"Turismo dent\u00e1rio\" class=\"wp-image-598\" srcset=\"https:\/\/dentist-lisbon-maire.pt\/wp-content\/uploads\/2024\/03\/lisbonne-docteur-christian-maire-dentiste-portugal.webp 2020w, https:\/\/dentist-lisbon-maire.pt\/wp-content\/uploads\/2024\/03\/lisbonne-docteur-christian-maire-dentiste-portugal-300x149.webp 300w, https:\/\/dentist-lisbon-maire.pt\/wp-content\/uploads\/2024\/03\/lisbonne-docteur-christian-maire-dentiste-portugal-1024x507.webp 1024w, https:\/\/dentist-lisbon-maire.pt\/wp-content\/uploads\/2024\/03\/lisbonne-docteur-christian-maire-dentiste-portugal-768x380.webp 768w, https:\/\/dentist-lisbon-maire.pt\/wp-content\/uploads\/2024\/03\/lisbonne-docteur-christian-maire-dentiste-portugal-1536x760.webp 1536w\" sizes=\"auto, (max-width: 2020px) 100vw, 2020px\" \/><\/figure>\n\n\n\n<figure class=\"wp-block-image size-full\"><img loading=\"lazy\" decoding=\"async\" width=\"2020\" height=\"1000\" data-id=\"608\" src=\"https:\/\/dentist-lisbon-maire.pt\/wp-content\/uploads\/2024\/03\/lisbonne-docteur-maire-stomatologie.webp\" alt=\"Turismo dent\u00e1rio\" class=\"wp-image-608\" srcset=\"https:\/\/dentist-lisbon-maire.pt\/wp-content\/uploads\/2024\/03\/lisbonne-docteur-maire-stomatologie.webp 2020w, https:\/\/dentist-lisbon-maire.pt\/wp-content\/uploads\/2024\/03\/lisbonne-docteur-maire-stomatologie-300x149.webp 300w, https:\/\/dentist-lisbon-maire.pt\/wp-content\/uploads\/2024\/03\/lisbonne-docteur-maire-stomatologie-1024x507.webp 1024w, https:\/\/dentist-lisbon-maire.pt\/wp-content\/uploads\/2024\/03\/lisbonne-docteur-maire-stomatologie-768x380.webp 768w, https:\/\/dentist-lisbon-maire.pt\/wp-content\/uploads\/2024\/03\/lisbonne-docteur-maire-stomatologie-1536x760.webp 1536w\" sizes=\"auto, (max-width: 2020px) 100vw, 2020px\" \/><\/figure>\n<\/figure>\n\n<h2 class=\"wp-block-heading\">Perto do aeroporto, a uma curta dist\u00e2ncia de tudo e em frente ao mar&#8230;<\/h2>\n\n<p class=\"has-text-align-justify\"><strong>O theclinic\u00ae<\/strong> est\u00e1 localizado a apenas 30 minutos do principal aeroporto de Portugal, o Aeroporto de Lisboa. A vinda at\u00e9 n\u00f3s \u00e9 r\u00e1pida e confort\u00e1vel para os nossos pacientes.<\/p>\n\n<p class=\"has-text-align-justify\">Estamos situados num complexo de golfe, com 2 campos de 18 buracos e um complexo de t\u00e9nis e padel para os nossos pacientes.<\/p>\n\n<p class=\"has-text-align-justify\">A apenas 2 minutos de dist\u00e2ncia est\u00e3o as magn\u00edficas praias atl\u00e2nticas da Caparica, com a sua vasta extens\u00e3o de areia branca, onde os nossos pacientes podem relaxar durante a sua estadia. Se preferir, pode tamb\u00e9m optar por aulas de surf, paddle surf, kite surf ou windsurf. Tudo para lhe garantir uma experi\u00eancia inesquec\u00edvel.<\/p>\n\n<figure class=\"wp-block-image size-large\"><img loading=\"lazy\" decoding=\"async\" width=\"1024\" height=\"507\" src=\"https:\/\/dentist-lisbon-maire.pt\/wp-content\/uploads\/2024\/03\/docteur-maire-sourire-saine-lisbonne-1024x507.webp\" alt=\"Turismo dent\u00e1rio\" class=\"wp-image-603\" srcset=\"https:\/\/dentist-lisbon-maire.pt\/wp-content\/uploads\/2024\/03\/docteur-maire-sourire-saine-lisbonne-1024x507.webp 1024w, https:\/\/dentist-lisbon-maire.pt\/wp-content\/uploads\/2024\/03\/docteur-maire-sourire-saine-lisbonne-300x149.webp 300w, https:\/\/dentist-lisbon-maire.pt\/wp-content\/uploads\/2024\/03\/docteur-maire-sourire-saine-lisbonne-768x380.webp 768w, https:\/\/dentist-lisbon-maire.pt\/wp-content\/uploads\/2024\/03\/docteur-maire-sourire-saine-lisbonne-1536x760.webp 1536w, https:\/\/dentist-lisbon-maire.pt\/wp-content\/uploads\/2024\/03\/docteur-maire-sourire-saine-lisbonne.webp 2020w\" sizes=\"auto, (max-width: 1024px) 100vw, 1024px\" \/><\/figure>\n\n<h2 class=\"wp-block-heading\">Instala\u00e7\u00f5es e ambiente<\/h2>\n\n<p class=\"has-text-align-justify\"><strong>theclinic\u00ae<\/strong>  \u00e9 uma cl\u00ednica dent\u00e1ria que, para al\u00e9m do seu ambiente agrad\u00e1vel, oferece a todos os pacientes internacionais que nos visitam uma sala de espera exclusiva e um servi\u00e7o de acompanhamento prestado a todo o momento por um membro da equipa, para lhe dar o melhor aconselhamento poss\u00edvel para que nada lhe falte durante a sua estadia.<\/p>\n\n<h2 class=\"wp-block-heading\">Servi\u00e7o personalizado<\/h2>\n\n<p class=\"has-text-align-justify\">A equipa <strong>theclinic\u00ae<\/strong> privilegia uma rela\u00e7\u00e3o personalizada e direta com todos os pacientes, pelo que a dist\u00e2ncia n\u00e3o impede o contacto personalizado entre si e todos os membros da equipa. A possibilidade de ser atendido numa das muitas l\u00ednguas faladas pela equipa da <strong>theclinic\u00ae<\/strong> \u00e9, sem d\u00favida, uma das principais vantagens do nosso servi\u00e7o de turismo dent\u00e1rio.<\/p>\n\n<h2 class=\"wp-block-heading\">Primeiras consultas em linha<\/h2>\n\n<p class=\"has-text-align-justify\">Os pacientes que procuram os servi\u00e7os de turismo dent\u00e1rio <strong>da theclinic\u00ae<\/strong> encontrar\u00e3o uma equipa cl\u00ednica e laboratorial dedicada e adaptada ao seu tempo e disponibilidade. No entanto, antes de se deslocar at\u00e9 n\u00f3s, \u00e9 poss\u00edvel efetuar uma ou v\u00e1rias consultas em linha para aprofundar todos os pormenores do tratamento a efetuar.<\/p>\n\n<p class=\"has-text-align-justify\">O investimento que fizemos ao longo dos anos em forma\u00e7\u00e3o e em equipamentos de \u00faltima gera\u00e7\u00e3o permite-nos realizar t\u00e9cnicas inovadoras e minimamente invasivas, que a equipa cl\u00ednica \u00e9 capaz de realizar, mesmo para tratamentos complexos, no mais curto espa\u00e7o de tempo.<\/p>\n\n<h2 class=\"wp-block-heading\">Alojamento<\/h2>\n\n<p class=\"has-text-align-justify\">Preocupada com o seu bem-estar e com o seu tratamento, a theclinic\u00ae estabeleceu parcerias com unidades hoteleiras. Existe um hotel de 4 estrelas mesmo em frente \u00e0 cl\u00ednica, o Aroeira Lisbon Hotel\u00ae , que, para al\u00e9m de oferecer todo o conforto das suas instala\u00e7\u00f5es, colabora com a nossa equipa na prepara\u00e7\u00e3o de refei\u00e7\u00f5es adaptadas ao tratamento a que est\u00e1 a ser submetido, ajudando-o a recuperar mais plenamente.<\/p>\n\n<h3 class=\"wp-block-heading\">Parceiros de apoio log\u00edstico<\/h3>\n\n<p class=\"has-text-align-justify\"><strong>theclinic\u00ae<\/strong> e os seus parceiros log\u00edsticos podem ajud\u00e1-lo a planear e a organizar a sua estadia, desde a viagem at\u00e9 ao hotel, incluindo a reserva dos programas tur\u00edsticos e dos restaurantes mais adequados aos seus interesses. Gra\u00e7as \u00e0 nossa rede de contactos, pode planear a sua viagem connosco e aproveitar ao m\u00e1ximo a sua estadia em Lisboa.<\/p>\n\n<figure class=\"wp-block-image size-full\"><img loading=\"lazy\" decoding=\"async\" width=\"2020\" height=\"1000\" src=\"https:\/\/dentist-lisbon-maire.pt\/wp-content\/uploads\/2024\/03\/docteur-maire-tourisme-dentaire-portugal.webp\" alt=\"Turismo dent\u00e1rio\" class=\"wp-image-593\" srcset=\"https:\/\/dentist-lisbon-maire.pt\/wp-content\/uploads\/2024\/03\/docteur-maire-tourisme-dentaire-portugal.webp 2020w, https:\/\/dentist-lisbon-maire.pt\/wp-content\/uploads\/2024\/03\/docteur-maire-tourisme-dentaire-portugal-300x149.webp 300w, https:\/\/dentist-lisbon-maire.pt\/wp-content\/uploads\/2024\/03\/docteur-maire-tourisme-dentaire-portugal-1024x507.webp 1024w, https:\/\/dentist-lisbon-maire.pt\/wp-content\/uploads\/2024\/03\/docteur-maire-tourisme-dentaire-portugal-768x380.webp 768w, https:\/\/dentist-lisbon-maire.pt\/wp-content\/uploads\/2024\/03\/docteur-maire-tourisme-dentaire-portugal-1536x760.webp 1536w\" sizes=\"auto, (max-width: 2020px) 100vw, 2020px\" \/><\/figure>\n","protected":false},"excerpt":{"rendered":"<p>N\u00e3o h\u00e1 fronteiras para o seu novo sorriso&#8230; Ao longo dos \u00faltimos anos, a theclinic\u00ae tem acompanhado um grande n\u00famero de pacientes internacionais, quer residam em Portugal, quer se desloquem a Lisboa exclusivamente para tratamento dent\u00e1rio. Fomos uma escolha consensual para pacientes portugueses e estrangeiros que t\u00eam complexos com o seu sorriso. Com equipas m\u00e9dicas <a href=\"https:\/\/dentist-lisbon-maire.pt\/pt-pt\/turismo-dentario\/\">Read More&#8230;<\/a><\/p>\n","protected":false},"author":1,"featured_media":631,"parent":0,"menu_order":0,"comment_status":"closed","ping_status":"closed","template":"page-content.php","meta":{"_editorskit_title_hidden":false,"_editorskit_reading_time":0,"_editorskit_is_block_options_detached":false,"_editorskit_block_options_position":"{}","inline_featured_image":false,"footnotes":""},"class_list":["post-511","page","type-page","status-publish","has-post-thumbnail","hentry"],"acf":[],"yoast_head":"<!-- This site is optimized with the Yoast SEO plugin v24.3 - https:\/\/yoast.com\/wordpress\/plugins\/seo\/ -->\n<title>Turismo dent\u00e1rio | Dr. Christian Maire | Dentista em Lisboa<\/title>\n<meta name=\"description\" content=\"O turismo dent\u00e1rio tem como objetivo proporcionar aos pacientes todas as condi\u00e7\u00f5es necess\u00e1rias para combinar um tratamento dent\u00e1rio com uma visita tur\u00edstica a Lisboa.\" \/>\n<meta name=\"robots\" content=\"index, follow, max-snippet:-1, max-image-preview:large, max-video-preview:-1\" \/>\n<link rel=\"canonical\" href=\"https:\/\/dentist-lisbon-maire.pt\/pt-pt\/turismo-dentario\/\" \/>\n<meta property=\"og:locale\" content=\"pt_PT\" \/>\n<meta property=\"og:type\" content=\"article\" \/>\n<meta property=\"og:title\" content=\"Turismo dent\u00e1rio | Dr. Christian Maire | Dentista em Lisboa\" \/>\n<meta property=\"og:description\" content=\"O turismo dent\u00e1rio tem como objetivo proporcionar aos pacientes todas as condi\u00e7\u00f5es necess\u00e1rias para combinar um tratamento dent\u00e1rio com uma visita tur\u00edstica a Lisboa.\" \/>\n<meta property=\"og:url\" content=\"https:\/\/dentist-lisbon-maire.pt\/pt-pt\/turismo-dentario\/\" \/>\n<meta property=\"og:site_name\" content=\"Dr Christian Maire | Chirurgien Dentiste \u00e0 Lisbonne\" \/>\n<meta property=\"article:modified_time\" content=\"2026-01-06T15:27:49+00:00\" \/>\n<meta property=\"og:image\" content=\"https:\/\/dentist-lisbon-maire.pt\/wp-content\/uploads\/2024\/03\/docteur-christian-maire-nouveau-sourire-lisbonne-portugal.webp\" \/>\n\t<meta property=\"og:image:width\" content=\"2020\" \/>\n\t<meta property=\"og:image:height\" content=\"1120\" \/>\n\t<meta property=\"og:image:type\" content=\"image\/webp\" \/>\n<meta name=\"twitter:card\" content=\"summary_large_image\" \/>\n<meta name=\"twitter:label1\" content=\"Tempo estimado de leitura\" \/>\n\t<meta name=\"twitter:data1\" content=\"6 minutos\" \/>\n<script type=\"application\/ld+json\" class=\"yoast-schema-graph\">{\"@context\":\"https:\/\/schema.org\",\"@graph\":[{\"@type\":\"WebPage\",\"@id\":\"https:\/\/dentist-lisbon-maire.pt\/pt-pt\/turismo-dentario\/\",\"url\":\"https:\/\/dentist-lisbon-maire.pt\/pt-pt\/turismo-dentario\/\",\"name\":\"Turismo dent\u00e1rio | Dr. Christian Maire | Dentista em Lisboa\",\"isPartOf\":{\"@id\":\"https:\/\/dentist-lisbon-maire.pt\/pt-pt\/#website\"},\"primaryImageOfPage\":{\"@id\":\"https:\/\/dentist-lisbon-maire.pt\/pt-pt\/turismo-dentario\/#primaryimage\"},\"image\":{\"@id\":\"https:\/\/dentist-lisbon-maire.pt\/pt-pt\/turismo-dentario\/#primaryimage\"},\"thumbnailUrl\":\"https:\/\/dentist-lisbon-maire.pt\/wp-content\/uploads\/2024\/03\/docteur-christian-maire-nouveau-sourire-lisbonne-portugal.webp\",\"datePublished\":\"2024-03-18T11:30:47+00:00\",\"dateModified\":\"2026-01-06T15:27:49+00:00\",\"description\":\"O turismo dent\u00e1rio tem como objetivo proporcionar aos pacientes todas as condi\u00e7\u00f5es necess\u00e1rias para combinar um tratamento dent\u00e1rio com uma visita tur\u00edstica a Lisboa.\",\"breadcrumb\":{\"@id\":\"https:\/\/dentist-lisbon-maire.pt\/pt-pt\/turismo-dentario\/#breadcrumb\"},\"inLanguage\":\"pt-PT\",\"potentialAction\":[{\"@type\":\"ReadAction\",\"target\":[\"https:\/\/dentist-lisbon-maire.pt\/pt-pt\/turismo-dentario\/\"]}]},{\"@type\":\"ImageObject\",\"inLanguage\":\"pt-PT\",\"@id\":\"https:\/\/dentist-lisbon-maire.pt\/pt-pt\/turismo-dentario\/#primaryimage\",\"url\":\"https:\/\/dentist-lisbon-maire.pt\/wp-content\/uploads\/2024\/03\/docteur-christian-maire-nouveau-sourire-lisbonne-portugal.webp\",\"contentUrl\":\"https:\/\/dentist-lisbon-maire.pt\/wp-content\/uploads\/2024\/03\/docteur-christian-maire-nouveau-sourire-lisbonne-portugal.webp\",\"width\":2020,\"height\":1120,\"caption\":\"docteur christian maire nouveau sourire lisbonne portugal\"},{\"@type\":\"BreadcrumbList\",\"@id\":\"https:\/\/dentist-lisbon-maire.pt\/pt-pt\/turismo-dentario\/#breadcrumb\",\"itemListElement\":[{\"@type\":\"ListItem\",\"position\":1,\"name\":\"Home\",\"item\":\"https:\/\/dentist-lisbon-maire.pt\/pt-pt\/\"},{\"@type\":\"ListItem\",\"position\":2,\"name\":\"Turismo dent\u00e1rio\"}]},{\"@type\":\"WebSite\",\"@id\":\"https:\/\/dentist-lisbon-maire.pt\/pt-pt\/#website\",\"url\":\"https:\/\/dentist-lisbon-maire.pt\/pt-pt\/\",\"name\":\"Dr Christian Maire | Chirurgien Dentiste \u00e0 Lisbonne\",\"description\":\"Dr Christian Maire, dentiste \u00e0 Lisbonne : implant dentaire et chirurgie, greffes, dent de sagesse, facettes, proth\u00e8se dentaire\",\"publisher\":{\"@id\":\"https:\/\/dentist-lisbon-maire.pt\/pt-pt\/#organization\"},\"alternateName\":\"Dr Christian Maire, dentiste \u00e0 Lisbonne : implant dentaire et chirurgie, greffes, dent de sagesse, facettes, proth\u00e8se dentaire\",\"potentialAction\":[{\"@type\":\"SearchAction\",\"target\":{\"@type\":\"EntryPoint\",\"urlTemplate\":\"https:\/\/dentist-lisbon-maire.pt\/pt-pt\/?s={search_term_string}\"},\"query-input\":{\"@type\":\"PropertyValueSpecification\",\"valueRequired\":true,\"valueName\":\"search_term_string\"}}],\"inLanguage\":\"pt-PT\"},{\"@type\":\"Organization\",\"@id\":\"https:\/\/dentist-lisbon-maire.pt\/pt-pt\/#organization\",\"name\":\"Dr Christian Maire | Chirurgien Dentiste \u00e0 Lisbonne\",\"alternateName\":\"Dr Christian Maire, dentiste \u00e0 Lisbonne : implant dentaire et chirurgie, greffes, dent de sagesse, facettes, proth\u00e8se dentaire\",\"url\":\"https:\/\/dentist-lisbon-maire.pt\/pt-pt\/\",\"logo\":{\"@type\":\"ImageObject\",\"inLanguage\":\"pt-PT\",\"@id\":\"https:\/\/dentist-lisbon-maire.pt\/pt-pt\/#\/schema\/logo\/image\/\",\"url\":\"https:\/\/dentist-lisbon-maire.pt\/wp-content\/uploads\/2023\/09\/Logo_Dr_Maire.png\",\"contentUrl\":\"https:\/\/dentist-lisbon-maire.pt\/wp-content\/uploads\/2023\/09\/Logo_Dr_Maire.png\",\"width\":162,\"height\":70,\"caption\":\"Dr Christian Maire | Chirurgien Dentiste \u00e0 Lisbonne\"},\"image\":{\"@id\":\"https:\/\/dentist-lisbon-maire.pt\/pt-pt\/#\/schema\/logo\/image\/\"}}]}<\/script>\n<!-- \/ Yoast SEO plugin. -->","yoast_head_json":{"title":"Turismo dent\u00e1rio | Dr. Christian Maire | Dentista em Lisboa","description":"O turismo dent\u00e1rio tem como objetivo proporcionar aos pacientes todas as condi\u00e7\u00f5es necess\u00e1rias para combinar um tratamento dent\u00e1rio com uma visita tur\u00edstica a Lisboa.","robots":{"index":"index","follow":"follow","max-snippet":"max-snippet:-1","max-image-preview":"max-image-preview:large","max-video-preview":"max-video-preview:-1"},"canonical":"https:\/\/dentist-lisbon-maire.pt\/pt-pt\/turismo-dentario\/","og_locale":"pt_PT","og_type":"article","og_title":"Turismo dent\u00e1rio | Dr. Christian Maire | Dentista em Lisboa","og_description":"O turismo dent\u00e1rio tem como objetivo proporcionar aos pacientes todas as condi\u00e7\u00f5es necess\u00e1rias para combinar um tratamento dent\u00e1rio com uma visita tur\u00edstica a Lisboa.","og_url":"https:\/\/dentist-lisbon-maire.pt\/pt-pt\/turismo-dentario\/","og_site_name":"Dr Christian Maire | Chirurgien Dentiste \u00e0 Lisbonne","article_modified_time":"2026-01-06T15:27:49+00:00","og_image":[{"width":2020,"height":1120,"url":"https:\/\/dentist-lisbon-maire.pt\/wp-content\/uploads\/2024\/03\/docteur-christian-maire-nouveau-sourire-lisbonne-portugal.webp","type":"image\/webp"}],"twitter_card":"summary_large_image","twitter_misc":{"Tempo estimado de leitura":"6 minutos"},"schema":{"@context":"https:\/\/schema.org","@graph":[{"@type":"WebPage","@id":"https:\/\/dentist-lisbon-maire.pt\/pt-pt\/turismo-dentario\/","url":"https:\/\/dentist-lisbon-maire.pt\/pt-pt\/turismo-dentario\/","name":"Turismo dent\u00e1rio | Dr. Christian Maire | Dentista em Lisboa","isPartOf":{"@id":"https:\/\/dentist-lisbon-maire.pt\/pt-pt\/#website"},"primaryImageOfPage":{"@id":"https:\/\/dentist-lisbon-maire.pt\/pt-pt\/turismo-dentario\/#primaryimage"},"image":{"@id":"https:\/\/dentist-lisbon-maire.pt\/pt-pt\/turismo-dentario\/#primaryimage"},"thumbnailUrl":"https:\/\/dentist-lisbon-maire.pt\/wp-content\/uploads\/2024\/03\/docteur-christian-maire-nouveau-sourire-lisbonne-portugal.webp","datePublished":"2024-03-18T11:30:47+00:00","dateModified":"2026-01-06T15:27:49+00:00","description":"O turismo dent\u00e1rio tem como objetivo proporcionar aos pacientes todas as condi\u00e7\u00f5es necess\u00e1rias para combinar um tratamento dent\u00e1rio com uma visita tur\u00edstica a Lisboa.","breadcrumb":{"@id":"https:\/\/dentist-lisbon-maire.pt\/pt-pt\/turismo-dentario\/#breadcrumb"},"inLanguage":"pt-PT","potentialAction":[{"@type":"ReadAction","target":["https:\/\/dentist-lisbon-maire.pt\/pt-pt\/turismo-dentario\/"]}]},{"@type":"ImageObject","inLanguage":"pt-PT","@id":"https:\/\/dentist-lisbon-maire.pt\/pt-pt\/turismo-dentario\/#primaryimage","url":"https:\/\/dentist-lisbon-maire.pt\/wp-content\/uploads\/2024\/03\/docteur-christian-maire-nouveau-sourire-lisbonne-portugal.webp","contentUrl":"https:\/\/dentist-lisbon-maire.pt\/wp-content\/uploads\/2024\/03\/docteur-christian-maire-nouveau-sourire-lisbonne-portugal.webp","width":2020,"height":1120,"caption":"docteur christian maire nouveau sourire lisbonne portugal"},{"@type":"BreadcrumbList","@id":"https:\/\/dentist-lisbon-maire.pt\/pt-pt\/turismo-dentario\/#breadcrumb","itemListElement":[{"@type":"ListItem","position":1,"name":"Home","item":"https:\/\/dentist-lisbon-maire.pt\/pt-pt\/"},{"@type":"ListItem","position":2,"name":"Turismo dent\u00e1rio"}]},{"@type":"WebSite","@id":"https:\/\/dentist-lisbon-maire.pt\/pt-pt\/#website","url":"https:\/\/dentist-lisbon-maire.pt\/pt-pt\/","name":"Dr Christian Maire | Chirurgien Dentiste \u00e0 Lisbonne","description":"Dr Christian Maire, dentiste \u00e0 Lisbonne : implant dentaire et chirurgie, greffes, dent de sagesse, facettes, proth\u00e8se dentaire","publisher":{"@id":"https:\/\/dentist-lisbon-maire.pt\/pt-pt\/#organization"},"alternateName":"Dr Christian Maire, dentiste \u00e0 Lisbonne : implant dentaire et chirurgie, greffes, dent de sagesse, facettes, proth\u00e8se dentaire","potentialAction":[{"@type":"SearchAction","target":{"@type":"EntryPoint","urlTemplate":"https:\/\/dentist-lisbon-maire.pt\/pt-pt\/?s={search_term_string}"},"query-input":{"@type":"PropertyValueSpecification","valueRequired":true,"valueName":"search_term_string"}}],"inLanguage":"pt-PT"},{"@type":"Organization","@id":"https:\/\/dentist-lisbon-maire.pt\/pt-pt\/#organization","name":"Dr Christian Maire | Chirurgien Dentiste \u00e0 Lisbonne","alternateName":"Dr Christian Maire, dentiste \u00e0 Lisbonne : implant dentaire et chirurgie, greffes, dent de sagesse, facettes, proth\u00e8se dentaire","url":"https:\/\/dentist-lisbon-maire.pt\/pt-pt\/","logo":{"@type":"ImageObject","inLanguage":"pt-PT","@id":"https:\/\/dentist-lisbon-maire.pt\/pt-pt\/#\/schema\/logo\/image\/","url":"https:\/\/dentist-lisbon-maire.pt\/wp-content\/uploads\/2023\/09\/Logo_Dr_Maire.png","contentUrl":"https:\/\/dentist-lisbon-maire.pt\/wp-content\/uploads\/2023\/09\/Logo_Dr_Maire.png","width":162,"height":70,"caption":"Dr Christian Maire | Chirurgien Dentiste \u00e0 Lisbonne"},"image":{"@id":"https:\/\/dentist-lisbon-maire.pt\/pt-pt\/#\/schema\/logo\/image\/"}}]}},"_links":{"self":[{"href":"https:\/\/dentist-lisbon-maire.pt\/pt-pt\/wp-json\/wp\/v2\/pages\/511","targetHints":{"allow":["GET"]}}],"collection":[{"href":"https:\/\/dentist-lisbon-maire.pt\/pt-pt\/wp-json\/wp\/v2\/pages"}],"about":[{"href":"https:\/\/dentist-lisbon-maire.pt\/pt-pt\/wp-json\/wp\/v2\/types\/page"}],"author":[{"embeddable":true,"href":"https:\/\/dentist-lisbon-maire.pt\/pt-pt\/wp-json\/wp\/v2\/users\/1"}],"replies":[{"embeddable":true,"href":"https:\/\/dentist-lisbon-maire.pt\/pt-pt\/wp-json\/wp\/v2\/comments?post=511"}],"version-history":[{"count":0,"href":"https:\/\/dentist-lisbon-maire.pt\/pt-pt\/wp-json\/wp\/v2\/pages\/511\/revisions"}],"wp:featuredmedia":[{"embeddable":true,"href":"https:\/\/dentist-lisbon-maire.pt\/pt-pt\/wp-json\/wp\/v2\/media\/631"}],"wp:attachment":[{"href":"https:\/\/dentist-lisbon-maire.pt\/pt-pt\/wp-json\/wp\/v2\/media?parent=511"}],"curies":[{"name":"wp","href":"https:\/\/api.w.org\/{rel}","templated":true}]}}