{"id":354,"date":"2022-07-23T20:53:07","date_gmt":"2022-07-23T20:53:07","guid":{"rendered":"https:\/\/dentist-lisbon-maire.pt\/accueil\/"},"modified":"2024-04-18T14:22:23","modified_gmt":"2024-04-18T14:22:23","slug":"casa","status":"publish","type":"page","link":"https:\/\/dentist-lisbon-maire.pt\/pt-pt\/","title":{"rendered":"In\u00edcio"},"content":{"rendered":"","protected":false},"excerpt":{"rendered":"<p> <a href=\"https:\/\/dentist-lisbon-maire.pt\/pt-pt\/\">Read More&#8230;<\/a><\/p>\n","protected":false},"author":1,"featured_media":494,"parent":0,"menu_order":0,"comment_status":"closed","ping_status":"closed","template":"page-front.php","meta":{"_editorskit_title_hidden":false,"_editorskit_reading_time":0,"_editorskit_is_block_options_detached":false,"_editorskit_block_options_position":"{}","inline_featured_image":false,"footnotes":""},"class_list":["post-354","page","type-page","status-publish","has-post-thumbnail","hentry"],"acf":[],"yoast_head":"<!-- This site is optimized with the Yoast SEO plugin v24.3 - https:\/\/yoast.com\/wordpress\/plugins\/seo\/ -->\n<title>Dr. Christian Maire | Cirurgi\u00e3o Dentista em Lisboa<\/title>\n<meta name=\"description\" content=\"Dr. Christian Maire, dentista em Lisboa: implantes dent\u00e1rios e cirurgia, enxertos, dentes do siso, facetas, pr\u00f3teses dent\u00e1rias\" \/>\n<meta name=\"robots\" content=\"index, follow, max-snippet:-1, max-image-preview:large, max-video-preview:-1\" \/>\n<link rel=\"canonical\" href=\"https:\/\/dentist-lisbon-maire.pt\/pt-pt\/\" \/>\n<meta property=\"og:locale\" content=\"pt_PT\" \/>\n<meta property=\"og:type\" content=\"article\" \/>\n<meta property=\"og:title\" content=\"Dr. Christian Maire | Cirurgi\u00e3o Dentista em Lisboa\" \/>\n<meta property=\"og:description\" content=\"Dr. Christian Maire, dentista em Lisboa: implantes dent\u00e1rios e cirurgia, enxertos, dentes do siso, facetas, pr\u00f3teses dent\u00e1rias\" \/>\n<meta property=\"og:url\" content=\"https:\/\/dentist-lisbon-maire.pt\/pt-pt\/\" \/>\n<meta property=\"og:site_name\" content=\"Dr Christian Maire | Chirurgien Dentiste \u00e0 Lisbonne\" \/>\n<meta property=\"article:modified_time\" content=\"2024-04-18T14:22:23+00:00\" \/>\n<meta property=\"og:image\" content=\"https:\/\/dentist-lisbon-maire.pt\/wp-content\/uploads\/2022\/08\/docteur-maire-lisbonne-cabinet-the-clinic.webp\" \/>\n\t<meta property=\"og:image:width\" content=\"2020\" \/>\n\t<meta property=\"og:image:height\" content=\"1120\" \/>\n\t<meta property=\"og:image:type\" content=\"image\/webp\" \/>\n<meta name=\"twitter:card\" content=\"summary_large_image\" \/>\n<meta name=\"twitter:label1\" content=\"Tempo estimado de leitura\" \/>\n\t<meta name=\"twitter:data1\" content=\"1 minuto\" \/>\n<script type=\"application\/ld+json\" class=\"yoast-schema-graph\">{\"@context\":\"https:\/\/schema.org\",\"@graph\":[{\"@type\":\"WebPage\",\"@id\":\"https:\/\/dentist-lisbon-maire.pt\/pt-pt\/\",\"url\":\"https:\/\/dentist-lisbon-maire.pt\/pt-pt\/\",\"name\":\"Dr. Christian Maire | Cirurgi\u00e3o Dentista em Lisboa\",\"isPartOf\":{\"@id\":\"https:\/\/dentist-lisbon-maire.pt\/pt-pt\/#website\"},\"primaryImageOfPage\":{\"@id\":\"https:\/\/dentist-lisbon-maire.pt\/pt-pt\/#primaryimage\"},\"image\":{\"@id\":\"https:\/\/dentist-lisbon-maire.pt\/pt-pt\/#primaryimage\"},\"thumbnailUrl\":\"https:\/\/dentist-lisbon-maire.pt\/wp-content\/uploads\/2022\/08\/docteur-maire-lisbonne-cabinet-the-clinic.webp\",\"datePublished\":\"2022-07-23T20:53:07+00:00\",\"dateModified\":\"2024-04-18T14:22:23+00:00\",\"description\":\"Dr. Christian Maire, dentista em Lisboa: implantes dent\u00e1rios e cirurgia, enxertos, dentes do siso, facetas, pr\u00f3teses dent\u00e1rias\",\"breadcrumb\":{\"@id\":\"https:\/\/dentist-lisbon-maire.pt\/pt-pt\/#breadcrumb\"},\"inLanguage\":\"pt-PT\",\"potentialAction\":[{\"@type\":\"ReadAction\",\"target\":[\"https:\/\/dentist-lisbon-maire.pt\/pt-pt\/\"]}]},{\"@type\":\"ImageObject\",\"inLanguage\":\"pt-PT\",\"@id\":\"https:\/\/dentist-lisbon-maire.pt\/pt-pt\/#primaryimage\",\"url\":\"https:\/\/dentist-lisbon-maire.pt\/wp-content\/uploads\/2022\/08\/docteur-maire-lisbonne-cabinet-the-clinic.webp\",\"contentUrl\":\"https:\/\/dentist-lisbon-maire.pt\/wp-content\/uploads\/2022\/08\/docteur-maire-lisbonne-cabinet-the-clinic.webp\",\"width\":2020,\"height\":1120,\"caption\":\"doutor maire lisboa consult\u00f3rio the clinic\"},{\"@type\":\"BreadcrumbList\",\"@id\":\"https:\/\/dentist-lisbon-maire.pt\/pt-pt\/#breadcrumb\",\"itemListElement\":[{\"@type\":\"ListItem\",\"position\":1,\"name\":\"Home\",\"item\":\"https:\/\/dentist-lisbon-maire.pt\/pt-pt\/\"},{\"@type\":\"ListItem\",\"position\":2,\"name\":\"In\u00edcio\"}]},{\"@type\":\"WebSite\",\"@id\":\"https:\/\/dentist-lisbon-maire.pt\/pt-pt\/#website\",\"url\":\"https:\/\/dentist-lisbon-maire.pt\/pt-pt\/\",\"name\":\"Dr Christian Maire | Chirurgien Dentiste \u00e0 Lisbonne\",\"description\":\"Dr Christian Maire, dentiste \u00e0 Lisbonne : implant dentaire et chirurgie, greffes, dent de sagesse, facettes, proth\u00e8se dentaire\",\"publisher\":{\"@id\":\"https:\/\/dentist-lisbon-maire.pt\/pt-pt\/#organization\"},\"alternateName\":\"Dr Christian Maire, dentiste \u00e0 Lisbonne : implant dentaire et chirurgie, greffes, dent de sagesse, facettes, proth\u00e8se dentaire\",\"potentialAction\":[{\"@type\":\"SearchAction\",\"target\":{\"@type\":\"EntryPoint\",\"urlTemplate\":\"https:\/\/dentist-lisbon-maire.pt\/pt-pt\/?s={search_term_string}\"},\"query-input\":{\"@type\":\"PropertyValueSpecification\",\"valueRequired\":true,\"valueName\":\"search_term_string\"}}],\"inLanguage\":\"pt-PT\"},{\"@type\":\"Organization\",\"@id\":\"https:\/\/dentist-lisbon-maire.pt\/pt-pt\/#organization\",\"name\":\"Dr Christian Maire | Chirurgien Dentiste \u00e0 Lisbonne\",\"alternateName\":\"Dr Christian Maire, dentiste \u00e0 Lisbonne : implant dentaire et chirurgie, greffes, dent de sagesse, facettes, proth\u00e8se dentaire\",\"url\":\"https:\/\/dentist-lisbon-maire.pt\/pt-pt\/\",\"logo\":{\"@type\":\"ImageObject\",\"inLanguage\":\"pt-PT\",\"@id\":\"https:\/\/dentist-lisbon-maire.pt\/pt-pt\/#\/schema\/logo\/image\/\",\"url\":\"https:\/\/dentist-lisbon-maire.pt\/wp-content\/uploads\/2023\/09\/Logo_Dr_Maire.png\",\"contentUrl\":\"https:\/\/dentist-lisbon-maire.pt\/wp-content\/uploads\/2023\/09\/Logo_Dr_Maire.png\",\"width\":162,\"height\":70,\"caption\":\"Dr Christian Maire | Chirurgien Dentiste \u00e0 Lisbonne\"},\"image\":{\"@id\":\"https:\/\/dentist-lisbon-maire.pt\/pt-pt\/#\/schema\/logo\/image\/\"}}]}<\/script>\n<!-- \/ Yoast SEO plugin. -->","yoast_head_json":{"title":"Dr. Christian Maire | Cirurgi\u00e3o Dentista em Lisboa","description":"Dr. Christian Maire, dentista em Lisboa: implantes dent\u00e1rios e cirurgia, enxertos, dentes do siso, facetas, pr\u00f3teses dent\u00e1rias","robots":{"index":"index","follow":"follow","max-snippet":"max-snippet:-1","max-image-preview":"max-image-preview:large","max-video-preview":"max-video-preview:-1"},"canonical":"https:\/\/dentist-lisbon-maire.pt\/pt-pt\/","og_locale":"pt_PT","og_type":"article","og_title":"Dr. Christian Maire | Cirurgi\u00e3o Dentista em Lisboa","og_description":"Dr. Christian Maire, dentista em Lisboa: implantes dent\u00e1rios e cirurgia, enxertos, dentes do siso, facetas, pr\u00f3teses dent\u00e1rias","og_url":"https:\/\/dentist-lisbon-maire.pt\/pt-pt\/","og_site_name":"Dr Christian Maire | Chirurgien Dentiste \u00e0 Lisbonne","article_modified_time":"2024-04-18T14:22:23+00:00","og_image":[{"width":2020,"height":1120,"url":"https:\/\/dentist-lisbon-maire.pt\/wp-content\/uploads\/2022\/08\/docteur-maire-lisbonne-cabinet-the-clinic.webp","type":"image\/webp"}],"twitter_card":"summary_large_image","twitter_misc":{"Tempo estimado de leitura":"1 minuto"},"schema":{"@context":"https:\/\/schema.org","@graph":[{"@type":"WebPage","@id":"https:\/\/dentist-lisbon-maire.pt\/pt-pt\/","url":"https:\/\/dentist-lisbon-maire.pt\/pt-pt\/","name":"Dr. Christian Maire | Cirurgi\u00e3o Dentista em Lisboa","isPartOf":{"@id":"https:\/\/dentist-lisbon-maire.pt\/pt-pt\/#website"},"primaryImageOfPage":{"@id":"https:\/\/dentist-lisbon-maire.pt\/pt-pt\/#primaryimage"},"image":{"@id":"https:\/\/dentist-lisbon-maire.pt\/pt-pt\/#primaryimage"},"thumbnailUrl":"https:\/\/dentist-lisbon-maire.pt\/wp-content\/uploads\/2022\/08\/docteur-maire-lisbonne-cabinet-the-clinic.webp","datePublished":"2022-07-23T20:53:07+00:00","dateModified":"2024-04-18T14:22:23+00:00","description":"Dr. Christian Maire, dentista em Lisboa: implantes dent\u00e1rios e cirurgia, enxertos, dentes do siso, facetas, pr\u00f3teses dent\u00e1rias","breadcrumb":{"@id":"https:\/\/dentist-lisbon-maire.pt\/pt-pt\/#breadcrumb"},"inLanguage":"pt-PT","potentialAction":[{"@type":"ReadAction","target":["https:\/\/dentist-lisbon-maire.pt\/pt-pt\/"]}]},{"@type":"ImageObject","inLanguage":"pt-PT","@id":"https:\/\/dentist-lisbon-maire.pt\/pt-pt\/#primaryimage","url":"https:\/\/dentist-lisbon-maire.pt\/wp-content\/uploads\/2022\/08\/docteur-maire-lisbonne-cabinet-the-clinic.webp","contentUrl":"https:\/\/dentist-lisbon-maire.pt\/wp-content\/uploads\/2022\/08\/docteur-maire-lisbonne-cabinet-the-clinic.webp","width":2020,"height":1120,"caption":"doutor maire lisboa consult\u00f3rio the clinic"},{"@type":"BreadcrumbList","@id":"https:\/\/dentist-lisbon-maire.pt\/pt-pt\/#breadcrumb","itemListElement":[{"@type":"ListItem","position":1,"name":"Home","item":"https:\/\/dentist-lisbon-maire.pt\/pt-pt\/"},{"@type":"ListItem","position":2,"name":"In\u00edcio"}]},{"@type":"WebSite","@id":"https:\/\/dentist-lisbon-maire.pt\/pt-pt\/#website","url":"https:\/\/dentist-lisbon-maire.pt\/pt-pt\/","name":"Dr Christian Maire | Chirurgien Dentiste \u00e0 Lisbonne","description":"Dr Christian Maire, dentiste \u00e0 Lisbonne : implant dentaire et chirurgie, greffes, dent de sagesse, facettes, proth\u00e8se dentaire","publisher":{"@id":"https:\/\/dentist-lisbon-maire.pt\/pt-pt\/#organization"},"alternateName":"Dr Christian Maire, dentiste \u00e0 Lisbonne : implant dentaire et chirurgie, greffes, dent de sagesse, facettes, proth\u00e8se dentaire","potentialAction":[{"@type":"SearchAction","target":{"@type":"EntryPoint","urlTemplate":"https:\/\/dentist-lisbon-maire.pt\/pt-pt\/?s={search_term_string}"},"query-input":{"@type":"PropertyValueSpecification","valueRequired":true,"valueName":"search_term_string"}}],"inLanguage":"pt-PT"},{"@type":"Organization","@id":"https:\/\/dentist-lisbon-maire.pt\/pt-pt\/#organization","name":"Dr Christian Maire | Chirurgien Dentiste \u00e0 Lisbonne","alternateName":"Dr Christian Maire, dentiste \u00e0 Lisbonne : implant dentaire et chirurgie, greffes, dent de sagesse, facettes, proth\u00e8se dentaire","url":"https:\/\/dentist-lisbon-maire.pt\/pt-pt\/","logo":{"@type":"ImageObject","inLanguage":"pt-PT","@id":"https:\/\/dentist-lisbon-maire.pt\/pt-pt\/#\/schema\/logo\/image\/","url":"https:\/\/dentist-lisbon-maire.pt\/wp-content\/uploads\/2023\/09\/Logo_Dr_Maire.png","contentUrl":"https:\/\/dentist-lisbon-maire.pt\/wp-content\/uploads\/2023\/09\/Logo_Dr_Maire.png","width":162,"height":70,"caption":"Dr Christian Maire | Chirurgien Dentiste \u00e0 Lisbonne"},"image":{"@id":"https:\/\/dentist-lisbon-maire.pt\/pt-pt\/#\/schema\/logo\/image\/"}}]}},"_links":{"self":[{"href":"https:\/\/dentist-lisbon-maire.pt\/pt-pt\/wp-json\/wp\/v2\/pages\/354","targetHints":{"allow":["GET"]}}],"collection":[{"href":"https:\/\/dentist-lisbon-maire.pt\/pt-pt\/wp-json\/wp\/v2\/pages"}],"about":[{"href":"https:\/\/dentist-lisbon-maire.pt\/pt-pt\/wp-json\/wp\/v2\/types\/page"}],"author":[{"embeddable":true,"href":"https:\/\/dentist-lisbon-maire.pt\/pt-pt\/wp-json\/wp\/v2\/users\/1"}],"replies":[{"embeddable":true,"href":"https:\/\/dentist-lisbon-maire.pt\/pt-pt\/wp-json\/wp\/v2\/comments?post=354"}],"version-history":[{"count":0,"href":"https:\/\/dentist-lisbon-maire.pt\/pt-pt\/wp-json\/wp\/v2\/pages\/354\/revisions"}],"wp:featuredmedia":[{"embeddable":true,"href":"https:\/\/dentist-lisbon-maire.pt\/pt-pt\/wp-json\/wp\/v2\/media\/494"}],"wp:attachment":[{"href":"https:\/\/dentist-lisbon-maire.pt\/pt-pt\/wp-json\/wp\/v2\/media?parent=354"}],"curies":[{"name":"wp","href":"https:\/\/api.w.org\/{rel}","templated":true}]}}