{"id":353,"date":"2022-08-06T16:28:03","date_gmt":"2022-08-06T16:28:03","guid":{"rendered":"https:\/\/dentist-lisbon-maire.pt\/mentions-legales\/"},"modified":"2024-04-16T10:11:27","modified_gmt":"2024-04-16T10:11:27","slug":"informacoes-legais","status":"publish","type":"page","link":"https:\/\/dentist-lisbon-maire.pt\/pt-pt\/informacoes-legais\/","title":{"rendered":"Informa\u00e7\u00f5es legais"},"content":{"rendered":"\n<p>A consulta deste s\u00edtio Web implica a aceita\u00e7\u00e3o plena e sem reservas dos seguintes avisos.<\/p>\n\n\n\n<h2 class=\"wp-block-heading\">Propriedade do website<\/h2>\n\n\n\n<p>Este s\u00edtio Web \u00e9 propriedade do Dr. Christian Maire, cirurgi\u00e3o-dentista.<\/p>\n\n\n\n<h2 class=\"wp-block-heading\">Sede social<\/h2>\n\n\n\n<p>Cl\u00ednica dent\u00e1ria do Dr. Christian Maire<\/p>\n\n\n\n<p>Herdade da Aroeira,<br>Av. Pinhal da Aroeira 11B,<br>2820-112 Charneca da Caparica,<br>Portugal<br>Tel. : +351 21 150 3813<\/p>\n\n\n\n<h2 class=\"wp-block-heading\">Desenvolvimento de s\u00edtios Web<\/h2>\n\n\n\n<p>O s\u00edtio Web <a rel=\"noreferrer noopener\" href=\"https:\/\/dentist-lisbon-maire.pt\/pt-pt\/\" target=\"_blank\">https:\/\/dentist-lisbon-maire.pt<\/a> \u00e9 desenvolvido e mantido pela <strong>Mediweb<\/strong>. <br>Mediweb <br>13, rue de Lattre de Tassigny <br>67000 Strasbourg <br><a rel=\"noreferrer noopener\" href=\"https:\/\/mediweb.fr\/\" target=\"_blank\">www.mediweb.fr<\/a><\/p>\n\n\n\n<h2 class=\"wp-block-heading\">Alojamento do s\u00edtio Web<\/h2>\n\n\n\n<p>O s\u00edtio Web <a rel=\"noreferrer noopener\" href=\"https:\/\/savard\" target=\"_blank\">https:\/\/dentist-lisbon-maire.pt<\/a> est\u00e1 alojado em :<br>Hetzner Online GmbH<br>Industriestr. 25<br>91710 Gunzenhausen<br>Alemanha<\/p>\n\n\n\n<h2 class=\"wp-block-heading\">Editor do s\u00edtio<\/h2>\n\n\n\n<p>O conte\u00fado do s\u00edtio Web <a rel=\"noreferrer noopener\" href=\"https:\/\/savard\" target=\"_blank\">https:\/\/dentist-lisbon-maire.pt<\/a> \u00e9 editado pelo Dr. Christian Maire, que \u00e9 respons\u00e1vel pela sua publica\u00e7\u00e3o.<\/p>\n\n\n\n<h2 class=\"wp-block-heading\">Propriedade intelectual<\/h2>\n\n\n\n<p>O Dr. Christian Maire \u00e9 o propriet\u00e1rio da estrutura e de todos os conte\u00fados dispon\u00edveis no s\u00edtio Web <a href=\"https:\/\/savard\" target=\"_blank\" rel=\"noreferrer noopener\">https:\/\/dentist-lisbon-maire.pt<\/a>: textos, imagens, ilustra\u00e7\u00f5es, log\u00f3tipos, ficheiros e bases de dados. \u00c9 estritamente proibida qualquer reprodu\u00e7\u00e3o ou distribui\u00e7\u00e3o, no todo ou em parte, sem autoriza\u00e7\u00e3o pr\u00e9via.<\/p>\n","protected":false},"excerpt":{"rendered":"<p>A consulta deste s\u00edtio Web implica a aceita\u00e7\u00e3o plena e sem reservas dos seguintes avisos. Propriedade do website Este s\u00edtio Web \u00e9 propriedade do Dr. Christian Maire, cirurgi\u00e3o-dentista. Sede social Cl\u00ednica dent\u00e1ria do Dr. Christian Maire Herdade da Aroeira,Av. Pinhal da Aroeira 11B,2820-112 Charneca da Caparica,PortugalTel. : +351 21 150 3813 Desenvolvimento de s\u00edtios Web <a href=\"https:\/\/dentist-lisbon-maire.pt\/pt-pt\/informacoes-legais\/\">Read More&#8230;<\/a><\/p>\n","protected":false},"author":1,"featured_media":306,"parent":0,"menu_order":0,"comment_status":"closed","ping_status":"closed","template":"page-content.php","meta":{"_editorskit_title_hidden":false,"_editorskit_reading_time":0,"_editorskit_is_block_options_detached":false,"_editorskit_block_options_position":"{}","inline_featured_image":false,"footnotes":""},"class_list":["post-353","page","type-page","status-publish","has-post-thumbnail","hentry"],"acf":[],"yoast_head":"<!-- This site is optimized with the Yoast SEO plugin v24.3 - https:\/\/yoast.com\/wordpress\/plugins\/seo\/ -->\n<title>Informa\u00e7\u00f5es legais | Dr. Christian Maire | Cirurgi\u00e3o dentista<\/title>\n<meta name=\"description\" content=\"O s\u00edtio \u00e9 propriedade do Dr. Christian Maire, cirurgi\u00e3o-dentista em Lisboa: implantes e cirurgia dent\u00e1ria, enxertos, dentes do siso\" \/>\n<meta name=\"robots\" content=\"noindex, nofollow\" \/>\n<meta property=\"og:locale\" content=\"pt_PT\" \/>\n<meta property=\"og:type\" content=\"article\" \/>\n<meta property=\"og:title\" content=\"Informa\u00e7\u00f5es legais | Dr. Christian Maire | Cirurgi\u00e3o dentista\" \/>\n<meta property=\"og:description\" content=\"O s\u00edtio \u00e9 propriedade do Dr. Christian Maire, cirurgi\u00e3o-dentista em Lisboa: implantes e cirurgia dent\u00e1ria, enxertos, dentes do siso\" \/>\n<meta property=\"og:url\" content=\"https:\/\/dentist-lisbon-maire.pt\/pt-pt\/informacoes-legais\/\" \/>\n<meta property=\"og:site_name\" content=\"Dr Christian Maire | Chirurgien Dentiste \u00e0 Lisbonne\" \/>\n<meta property=\"article:modified_time\" content=\"2024-04-16T10:11:27+00:00\" \/>\n<meta property=\"og:image\" content=\"https:\/\/dentist-lisbon-maire.pt\/wp-content\/uploads\/2022\/07\/dentiste-christian-maire-implants-dentaires.jpg\" \/>\n\t<meta property=\"og:image:width\" content=\"945\" \/>\n\t<meta property=\"og:image:height\" content=\"800\" \/>\n\t<meta property=\"og:image:type\" content=\"image\/jpeg\" \/>\n<meta name=\"twitter:card\" content=\"summary_large_image\" \/>\n<meta name=\"twitter:label1\" content=\"Tempo estimado de leitura\" \/>\n\t<meta name=\"twitter:data1\" content=\"2 minutos\" \/>\n<script type=\"application\/ld+json\" class=\"yoast-schema-graph\">{\"@context\":\"https:\/\/schema.org\",\"@graph\":[{\"@type\":\"WebPage\",\"@id\":\"https:\/\/dentist-lisbon-maire.pt\/pt-pt\/informacoes-legais\/\",\"url\":\"https:\/\/dentist-lisbon-maire.pt\/pt-pt\/informacoes-legais\/\",\"name\":\"Informa\u00e7\u00f5es legais | Dr. Christian Maire | Cirurgi\u00e3o dentista\",\"isPartOf\":{\"@id\":\"https:\/\/dentist-lisbon-maire.pt\/pt-pt\/#website\"},\"primaryImageOfPage\":{\"@id\":\"https:\/\/dentist-lisbon-maire.pt\/pt-pt\/informacoes-legais\/#primaryimage\"},\"image\":{\"@id\":\"https:\/\/dentist-lisbon-maire.pt\/pt-pt\/informacoes-legais\/#primaryimage\"},\"thumbnailUrl\":\"https:\/\/dentist-lisbon-maire.pt\/wp-content\/uploads\/2022\/07\/dentiste-christian-maire-implants-dentaires.jpg\",\"datePublished\":\"2022-08-06T16:28:03+00:00\",\"dateModified\":\"2024-04-16T10:11:27+00:00\",\"description\":\"O s\u00edtio \u00e9 propriedade do Dr. Christian Maire, cirurgi\u00e3o-dentista em Lisboa: implantes e cirurgia dent\u00e1ria, enxertos, dentes do siso\",\"breadcrumb\":{\"@id\":\"https:\/\/dentist-lisbon-maire.pt\/pt-pt\/informacoes-legais\/#breadcrumb\"},\"inLanguage\":\"pt-PT\",\"potentialAction\":[{\"@type\":\"ReadAction\",\"target\":[\"https:\/\/dentist-lisbon-maire.pt\/pt-pt\/informacoes-legais\/\"]}]},{\"@type\":\"ImageObject\",\"inLanguage\":\"pt-PT\",\"@id\":\"https:\/\/dentist-lisbon-maire.pt\/pt-pt\/informacoes-legais\/#primaryimage\",\"url\":\"https:\/\/dentist-lisbon-maire.pt\/wp-content\/uploads\/2022\/07\/dentiste-christian-maire-implants-dentaires.jpg\",\"contentUrl\":\"https:\/\/dentist-lisbon-maire.pt\/wp-content\/uploads\/2022\/07\/dentiste-christian-maire-implants-dentaires.jpg\",\"width\":945,\"height\":800,\"caption\":\"dentista christian maire implantes dent\u00e1rios\"},{\"@type\":\"BreadcrumbList\",\"@id\":\"https:\/\/dentist-lisbon-maire.pt\/pt-pt\/informacoes-legais\/#breadcrumb\",\"itemListElement\":[{\"@type\":\"ListItem\",\"position\":1,\"name\":\"Home\",\"item\":\"https:\/\/dentist-lisbon-maire.pt\/pt-pt\/\"},{\"@type\":\"ListItem\",\"position\":2,\"name\":\"Informa\u00e7\u00f5es legais\"}]},{\"@type\":\"WebSite\",\"@id\":\"https:\/\/dentist-lisbon-maire.pt\/pt-pt\/#website\",\"url\":\"https:\/\/dentist-lisbon-maire.pt\/pt-pt\/\",\"name\":\"Dr Christian Maire | Chirurgien Dentiste \u00e0 Lisbonne\",\"description\":\"Dr Christian Maire, dentiste \u00e0 Lisbonne : implant dentaire et chirurgie, greffes, dent de sagesse, facettes, proth\u00e8se dentaire\",\"publisher\":{\"@id\":\"https:\/\/dentist-lisbon-maire.pt\/pt-pt\/#organization\"},\"alternateName\":\"Dr Christian Maire, dentiste \u00e0 Lisbonne : implant dentaire et chirurgie, greffes, dent de sagesse, facettes, proth\u00e8se dentaire\",\"potentialAction\":[{\"@type\":\"SearchAction\",\"target\":{\"@type\":\"EntryPoint\",\"urlTemplate\":\"https:\/\/dentist-lisbon-maire.pt\/pt-pt\/?s={search_term_string}\"},\"query-input\":{\"@type\":\"PropertyValueSpecification\",\"valueRequired\":true,\"valueName\":\"search_term_string\"}}],\"inLanguage\":\"pt-PT\"},{\"@type\":\"Organization\",\"@id\":\"https:\/\/dentist-lisbon-maire.pt\/pt-pt\/#organization\",\"name\":\"Dr Christian Maire | Chirurgien Dentiste \u00e0 Lisbonne\",\"alternateName\":\"Dr Christian Maire, dentiste \u00e0 Lisbonne : implant dentaire et chirurgie, greffes, dent de sagesse, facettes, proth\u00e8se dentaire\",\"url\":\"https:\/\/dentist-lisbon-maire.pt\/pt-pt\/\",\"logo\":{\"@type\":\"ImageObject\",\"inLanguage\":\"pt-PT\",\"@id\":\"https:\/\/dentist-lisbon-maire.pt\/pt-pt\/#\/schema\/logo\/image\/\",\"url\":\"https:\/\/dentist-lisbon-maire.pt\/wp-content\/uploads\/2023\/09\/Logo_Dr_Maire.png\",\"contentUrl\":\"https:\/\/dentist-lisbon-maire.pt\/wp-content\/uploads\/2023\/09\/Logo_Dr_Maire.png\",\"width\":162,\"height\":70,\"caption\":\"Dr Christian Maire | Chirurgien Dentiste \u00e0 Lisbonne\"},\"image\":{\"@id\":\"https:\/\/dentist-lisbon-maire.pt\/pt-pt\/#\/schema\/logo\/image\/\"}}]}<\/script>\n<!-- \/ Yoast SEO plugin. -->","yoast_head_json":{"title":"Informa\u00e7\u00f5es legais | Dr. Christian Maire | Cirurgi\u00e3o dentista","description":"O s\u00edtio \u00e9 propriedade do Dr. Christian Maire, cirurgi\u00e3o-dentista em Lisboa: implantes e cirurgia dent\u00e1ria, enxertos, dentes do siso","robots":{"index":"noindex","follow":"nofollow"},"og_locale":"pt_PT","og_type":"article","og_title":"Informa\u00e7\u00f5es legais | Dr. Christian Maire | Cirurgi\u00e3o dentista","og_description":"O s\u00edtio \u00e9 propriedade do Dr. Christian Maire, cirurgi\u00e3o-dentista em Lisboa: implantes e cirurgia dent\u00e1ria, enxertos, dentes do siso","og_url":"https:\/\/dentist-lisbon-maire.pt\/pt-pt\/informacoes-legais\/","og_site_name":"Dr Christian Maire | Chirurgien Dentiste \u00e0 Lisbonne","article_modified_time":"2024-04-16T10:11:27+00:00","og_image":[{"width":945,"height":800,"url":"https:\/\/dentist-lisbon-maire.pt\/wp-content\/uploads\/2022\/07\/dentiste-christian-maire-implants-dentaires.jpg","type":"image\/jpeg"}],"twitter_card":"summary_large_image","twitter_misc":{"Tempo estimado de leitura":"2 minutos"},"schema":{"@context":"https:\/\/schema.org","@graph":[{"@type":"WebPage","@id":"https:\/\/dentist-lisbon-maire.pt\/pt-pt\/informacoes-legais\/","url":"https:\/\/dentist-lisbon-maire.pt\/pt-pt\/informacoes-legais\/","name":"Informa\u00e7\u00f5es legais | Dr. Christian Maire | Cirurgi\u00e3o dentista","isPartOf":{"@id":"https:\/\/dentist-lisbon-maire.pt\/pt-pt\/#website"},"primaryImageOfPage":{"@id":"https:\/\/dentist-lisbon-maire.pt\/pt-pt\/informacoes-legais\/#primaryimage"},"image":{"@id":"https:\/\/dentist-lisbon-maire.pt\/pt-pt\/informacoes-legais\/#primaryimage"},"thumbnailUrl":"https:\/\/dentist-lisbon-maire.pt\/wp-content\/uploads\/2022\/07\/dentiste-christian-maire-implants-dentaires.jpg","datePublished":"2022-08-06T16:28:03+00:00","dateModified":"2024-04-16T10:11:27+00:00","description":"O s\u00edtio \u00e9 propriedade do Dr. Christian Maire, cirurgi\u00e3o-dentista em Lisboa: implantes e cirurgia dent\u00e1ria, enxertos, dentes do siso","breadcrumb":{"@id":"https:\/\/dentist-lisbon-maire.pt\/pt-pt\/informacoes-legais\/#breadcrumb"},"inLanguage":"pt-PT","potentialAction":[{"@type":"ReadAction","target":["https:\/\/dentist-lisbon-maire.pt\/pt-pt\/informacoes-legais\/"]}]},{"@type":"ImageObject","inLanguage":"pt-PT","@id":"https:\/\/dentist-lisbon-maire.pt\/pt-pt\/informacoes-legais\/#primaryimage","url":"https:\/\/dentist-lisbon-maire.pt\/wp-content\/uploads\/2022\/07\/dentiste-christian-maire-implants-dentaires.jpg","contentUrl":"https:\/\/dentist-lisbon-maire.pt\/wp-content\/uploads\/2022\/07\/dentiste-christian-maire-implants-dentaires.jpg","width":945,"height":800,"caption":"dentista christian maire implantes dent\u00e1rios"},{"@type":"BreadcrumbList","@id":"https:\/\/dentist-lisbon-maire.pt\/pt-pt\/informacoes-legais\/#breadcrumb","itemListElement":[{"@type":"ListItem","position":1,"name":"Home","item":"https:\/\/dentist-lisbon-maire.pt\/pt-pt\/"},{"@type":"ListItem","position":2,"name":"Informa\u00e7\u00f5es legais"}]},{"@type":"WebSite","@id":"https:\/\/dentist-lisbon-maire.pt\/pt-pt\/#website","url":"https:\/\/dentist-lisbon-maire.pt\/pt-pt\/","name":"Dr Christian Maire | Chirurgien Dentiste \u00e0 Lisbonne","description":"Dr Christian Maire, dentiste \u00e0 Lisbonne : implant dentaire et chirurgie, greffes, dent de sagesse, facettes, proth\u00e8se dentaire","publisher":{"@id":"https:\/\/dentist-lisbon-maire.pt\/pt-pt\/#organization"},"alternateName":"Dr Christian Maire, dentiste \u00e0 Lisbonne : implant dentaire et chirurgie, greffes, dent de sagesse, facettes, proth\u00e8se dentaire","potentialAction":[{"@type":"SearchAction","target":{"@type":"EntryPoint","urlTemplate":"https:\/\/dentist-lisbon-maire.pt\/pt-pt\/?s={search_term_string}"},"query-input":{"@type":"PropertyValueSpecification","valueRequired":true,"valueName":"search_term_string"}}],"inLanguage":"pt-PT"},{"@type":"Organization","@id":"https:\/\/dentist-lisbon-maire.pt\/pt-pt\/#organization","name":"Dr Christian Maire | Chirurgien Dentiste \u00e0 Lisbonne","alternateName":"Dr Christian Maire, dentiste \u00e0 Lisbonne : implant dentaire et chirurgie, greffes, dent de sagesse, facettes, proth\u00e8se dentaire","url":"https:\/\/dentist-lisbon-maire.pt\/pt-pt\/","logo":{"@type":"ImageObject","inLanguage":"pt-PT","@id":"https:\/\/dentist-lisbon-maire.pt\/pt-pt\/#\/schema\/logo\/image\/","url":"https:\/\/dentist-lisbon-maire.pt\/wp-content\/uploads\/2023\/09\/Logo_Dr_Maire.png","contentUrl":"https:\/\/dentist-lisbon-maire.pt\/wp-content\/uploads\/2023\/09\/Logo_Dr_Maire.png","width":162,"height":70,"caption":"Dr Christian Maire | Chirurgien Dentiste \u00e0 Lisbonne"},"image":{"@id":"https:\/\/dentist-lisbon-maire.pt\/pt-pt\/#\/schema\/logo\/image\/"}}]}},"_links":{"self":[{"href":"https:\/\/dentist-lisbon-maire.pt\/pt-pt\/wp-json\/wp\/v2\/pages\/353","targetHints":{"allow":["GET"]}}],"collection":[{"href":"https:\/\/dentist-lisbon-maire.pt\/pt-pt\/wp-json\/wp\/v2\/pages"}],"about":[{"href":"https:\/\/dentist-lisbon-maire.pt\/pt-pt\/wp-json\/wp\/v2\/types\/page"}],"author":[{"embeddable":true,"href":"https:\/\/dentist-lisbon-maire.pt\/pt-pt\/wp-json\/wp\/v2\/users\/1"}],"replies":[{"embeddable":true,"href":"https:\/\/dentist-lisbon-maire.pt\/pt-pt\/wp-json\/wp\/v2\/comments?post=353"}],"version-history":[{"count":0,"href":"https:\/\/dentist-lisbon-maire.pt\/pt-pt\/wp-json\/wp\/v2\/pages\/353\/revisions"}],"wp:featuredmedia":[{"embeddable":true,"href":"https:\/\/dentist-lisbon-maire.pt\/pt-pt\/wp-json\/wp\/v2\/media\/306"}],"wp:attachment":[{"href":"https:\/\/dentist-lisbon-maire.pt\/pt-pt\/wp-json\/wp\/v2\/media?parent=353"}],"curies":[{"name":"wp","href":"https:\/\/api.w.org\/{rel}","templated":true}]}}