{"id":513,"date":"2022-08-06T16:28:03","date_gmt":"2022-08-06T16:28:03","guid":{"rendered":"https:\/\/dentist-lisbon-maire.pt\/full-marks\/"},"modified":"2024-04-18T09:26:26","modified_gmt":"2024-04-18T09:26:26","slug":"legal-notice","status":"publish","type":"page","link":"https:\/\/dentist-lisbon-maire.pt\/en\/legal-notice\/","title":{"rendered":"Legal notice"},"content":{"rendered":"\n<p>Consultation of this website implies full and unreserved acceptance of the following notices.<\/p>\n\n<h2 class=\"wp-block-heading\">Site ownership<\/h2>\n\n<p>This site is the property of Dr Christian Maire, dental surgeon.<\/p>\n\n<h2 class=\"wp-block-heading\">Head office<\/h2>\n\n<p>Dr Christian Maire&#8217;s dental practice<\/p>\n\n<p>Herdade da Aroeira,<br\/>Av. Pinhal da Aroeira 11B,<br\/>2820-112 Charneca da Caparica,<br\/>Portugal<br\/>Tel. : +351 21 150 3813<\/p>\n\n<h2 class=\"wp-block-heading\">Site development<\/h2>\n\n<p>The <a rel=\"noreferrer noopener\" href=\"https:\/\/dentist-lisbon-maire.pt\/en\/\" target=\"_blank\">https:\/\/dentist-lisbon-maire.pt<\/a> website is developed and maintained by <strong>Mediweb<\/strong>.  <br\/>Mediweb  <br\/>13, rue de Lattre de Tassigny <br\/>67300 Schiltigheim <br\/><a rel=\"noreferrer noopener\" href=\"https:\/\/mediweb.fr\/\" target=\"_blank\">www.mediweb.fr<\/a><\/p>\n\n<h2 class=\"wp-block-heading\">Site hosting<\/h2>\n\n<p>The <a rel=\"noreferrer noopener\" href=\"https:\/\/savard\" target=\"_blank\">https:\/\/dentist-lisbon-maire.pt<\/a> website is hosted by :<br\/>Hetzner Online GmbH<br\/>Industriestr. 25<br\/>91710 Gunzenhausen<br\/>Germany<\/p>\n\n<h2 class=\"wp-block-heading\">Site editor<\/h2>\n\n<p>The content of the <a rel=\"noreferrer noopener\" href=\"https:\/\/savard\" target=\"_blank\">https:\/\/dentist-lisbon-maire.pt<\/a> website is edited by Dr Christian Maire, who acts as Publishing Director.<\/p>\n\n<h2 class=\"wp-block-heading\">Intellectual property<\/h2>\n\n<p>Dr Christian Maire is the owner of the structure and all content available on the <a href=\"https:\/\/savard\" target=\"_blank\" rel=\"noreferrer noopener\">https:\/\/dentist-lisbon-maire.pt<\/a> website: texts, images, illustrations, logos, files and databases. Any reproduction or distribution, in whole or in part, without prior authorization is strictly prohibited.<\/p>\n","protected":false},"excerpt":{"rendered":"<p>Consultation of this website implies full and unreserved acceptance of the following notices. Site ownership This site is the property of Dr Christian Maire, dental surgeon. Head office Dr Christian Maire&#8217;s dental practice Herdade da Aroeira,Av. Pinhal da Aroeira 11B,2820-112 Charneca da Caparica,PortugalTel. : +351 21 150 3813 Site development The https:\/\/dentist-lisbon-maire.pt website is developed <a href=\"https:\/\/dentist-lisbon-maire.pt\/en\/legal-notice\/\">Read More&#8230;<\/a><\/p>\n","protected":false},"author":1,"featured_media":514,"parent":0,"menu_order":0,"comment_status":"closed","ping_status":"closed","template":"page-content.php","meta":{"_editorskit_title_hidden":false,"_editorskit_reading_time":0,"_editorskit_is_block_options_detached":false,"_editorskit_block_options_position":"{}","inline_featured_image":false,"footnotes":""},"class_list":["post-513","page","type-page","status-publish","has-post-thumbnail","hentry"],"acf":[],"yoast_head":"<!-- This site is optimized with the Yoast SEO plugin v24.3 - https:\/\/yoast.com\/wordpress\/plugins\/seo\/ -->\n<title>Legal notice | Dr Christian Maire | Dental surgeon<\/title>\n<meta name=\"description\" content=\"The site is the property of Dr Christian Maire, dental surgeon in Lisbon: dental implants and surgery, grafts, wisdom teeth\" \/>\n<meta name=\"robots\" content=\"noindex, nofollow\" \/>\n<meta property=\"og:locale\" content=\"en_US\" \/>\n<meta property=\"og:type\" content=\"article\" \/>\n<meta property=\"og:title\" content=\"Legal notice | Dr Christian Maire | Dental surgeon\" \/>\n<meta property=\"og:description\" content=\"The site is the property of Dr Christian Maire, dental surgeon in Lisbon: dental implants and surgery, grafts, wisdom teeth\" \/>\n<meta property=\"og:url\" content=\"https:\/\/dentist-lisbon-maire.pt\/en\/legal-notice\/\" \/>\n<meta property=\"og:site_name\" content=\"Dr Christian Maire | Chirurgien Dentiste \u00e0 Lisbonne\" \/>\n<meta property=\"article:modified_time\" content=\"2024-04-18T09:26:26+00:00\" \/>\n<meta property=\"og:image\" content=\"https:\/\/dentist-lisbon-maire.pt\/wp-content\/uploads\/2022\/07\/dentiste-christian-maire-implants-dentaires.jpg\" \/>\n\t<meta property=\"og:image:width\" content=\"945\" \/>\n\t<meta property=\"og:image:height\" content=\"800\" \/>\n\t<meta property=\"og:image:type\" content=\"image\/jpeg\" \/>\n<meta name=\"twitter:card\" content=\"summary_large_image\" \/>\n<meta name=\"twitter:label1\" content=\"Est. reading time\" \/>\n\t<meta name=\"twitter:data1\" content=\"1 minute\" \/>\n<script type=\"application\/ld+json\" class=\"yoast-schema-graph\">{\"@context\":\"https:\/\/schema.org\",\"@graph\":[{\"@type\":\"WebPage\",\"@id\":\"https:\/\/dentist-lisbon-maire.pt\/en\/legal-notice\/\",\"url\":\"https:\/\/dentist-lisbon-maire.pt\/en\/legal-notice\/\",\"name\":\"Legal notice | Dr Christian Maire | Dental surgeon\",\"isPartOf\":{\"@id\":\"https:\/\/dentist-lisbon-maire.pt\/en\/#website\"},\"primaryImageOfPage\":{\"@id\":\"https:\/\/dentist-lisbon-maire.pt\/en\/legal-notice\/#primaryimage\"},\"image\":{\"@id\":\"https:\/\/dentist-lisbon-maire.pt\/en\/legal-notice\/#primaryimage\"},\"thumbnailUrl\":\"https:\/\/dentist-lisbon-maire.pt\/wp-content\/uploads\/2022\/07\/dentiste-christian-maire-implants-dentaires.jpg\",\"datePublished\":\"2022-08-06T16:28:03+00:00\",\"dateModified\":\"2024-04-18T09:26:26+00:00\",\"description\":\"The site is the property of Dr Christian Maire, dental surgeon in Lisbon: dental implants and surgery, grafts, wisdom teeth\",\"breadcrumb\":{\"@id\":\"https:\/\/dentist-lisbon-maire.pt\/en\/legal-notice\/#breadcrumb\"},\"inLanguage\":\"en-US\",\"potentialAction\":[{\"@type\":\"ReadAction\",\"target\":[\"https:\/\/dentist-lisbon-maire.pt\/en\/legal-notice\/\"]}]},{\"@type\":\"ImageObject\",\"inLanguage\":\"en-US\",\"@id\":\"https:\/\/dentist-lisbon-maire.pt\/en\/legal-notice\/#primaryimage\",\"url\":\"https:\/\/dentist-lisbon-maire.pt\/wp-content\/uploads\/2022\/07\/dentiste-christian-maire-implants-dentaires.jpg\",\"contentUrl\":\"https:\/\/dentist-lisbon-maire.pt\/wp-content\/uploads\/2022\/07\/dentiste-christian-maire-implants-dentaires.jpg\",\"width\":945,\"height\":800,\"caption\":\"dentist christian maire dental implants\"},{\"@type\":\"BreadcrumbList\",\"@id\":\"https:\/\/dentist-lisbon-maire.pt\/en\/legal-notice\/#breadcrumb\",\"itemListElement\":[{\"@type\":\"ListItem\",\"position\":1,\"name\":\"Home\",\"item\":\"https:\/\/dentist-lisbon-maire.pt\/en\/\"},{\"@type\":\"ListItem\",\"position\":2,\"name\":\"Legal notice\"}]},{\"@type\":\"WebSite\",\"@id\":\"https:\/\/dentist-lisbon-maire.pt\/en\/#website\",\"url\":\"https:\/\/dentist-lisbon-maire.pt\/en\/\",\"name\":\"Dr Christian Maire | Chirurgien Dentiste \u00e0 Lisbonne\",\"description\":\"Dr Christian Maire, dentiste \u00e0 Lisbonne : implant dentaire et chirurgie, greffes, dent de sagesse, facettes, proth\u00e8se dentaire\",\"publisher\":{\"@id\":\"https:\/\/dentist-lisbon-maire.pt\/en\/#organization\"},\"alternateName\":\"Dr Christian Maire, dentiste \u00e0 Lisbonne : implant dentaire et chirurgie, greffes, dent de sagesse, facettes, proth\u00e8se dentaire\",\"potentialAction\":[{\"@type\":\"SearchAction\",\"target\":{\"@type\":\"EntryPoint\",\"urlTemplate\":\"https:\/\/dentist-lisbon-maire.pt\/en\/?s={search_term_string}\"},\"query-input\":{\"@type\":\"PropertyValueSpecification\",\"valueRequired\":true,\"valueName\":\"search_term_string\"}}],\"inLanguage\":\"en-US\"},{\"@type\":\"Organization\",\"@id\":\"https:\/\/dentist-lisbon-maire.pt\/en\/#organization\",\"name\":\"Dr Christian Maire | Chirurgien Dentiste \u00e0 Lisbonne\",\"alternateName\":\"Dr Christian Maire, dentiste \u00e0 Lisbonne : implant dentaire et chirurgie, greffes, dent de sagesse, facettes, proth\u00e8se dentaire\",\"url\":\"https:\/\/dentist-lisbon-maire.pt\/en\/\",\"logo\":{\"@type\":\"ImageObject\",\"inLanguage\":\"en-US\",\"@id\":\"https:\/\/dentist-lisbon-maire.pt\/en\/#\/schema\/logo\/image\/\",\"url\":\"https:\/\/dentist-lisbon-maire.pt\/wp-content\/uploads\/2023\/09\/Logo_Dr_Maire.png\",\"contentUrl\":\"https:\/\/dentist-lisbon-maire.pt\/wp-content\/uploads\/2023\/09\/Logo_Dr_Maire.png\",\"width\":162,\"height\":70,\"caption\":\"Dr Christian Maire | Chirurgien Dentiste \u00e0 Lisbonne\"},\"image\":{\"@id\":\"https:\/\/dentist-lisbon-maire.pt\/en\/#\/schema\/logo\/image\/\"}}]}<\/script>\n<!-- \/ Yoast SEO plugin. -->","yoast_head_json":{"title":"Legal notice | Dr Christian Maire | Dental surgeon","description":"The site is the property of Dr Christian Maire, dental surgeon in Lisbon: dental implants and surgery, grafts, wisdom teeth","robots":{"index":"noindex","follow":"nofollow"},"og_locale":"en_US","og_type":"article","og_title":"Legal notice | Dr Christian Maire | Dental surgeon","og_description":"The site is the property of Dr Christian Maire, dental surgeon in Lisbon: dental implants and surgery, grafts, wisdom teeth","og_url":"https:\/\/dentist-lisbon-maire.pt\/en\/legal-notice\/","og_site_name":"Dr Christian Maire | Chirurgien Dentiste \u00e0 Lisbonne","article_modified_time":"2024-04-18T09:26:26+00:00","og_image":[{"width":945,"height":800,"url":"https:\/\/dentist-lisbon-maire.pt\/wp-content\/uploads\/2022\/07\/dentiste-christian-maire-implants-dentaires.jpg","type":"image\/jpeg"}],"twitter_card":"summary_large_image","twitter_misc":{"Est. reading time":"1 minute"},"schema":{"@context":"https:\/\/schema.org","@graph":[{"@type":"WebPage","@id":"https:\/\/dentist-lisbon-maire.pt\/en\/legal-notice\/","url":"https:\/\/dentist-lisbon-maire.pt\/en\/legal-notice\/","name":"Legal notice | Dr Christian Maire | Dental surgeon","isPartOf":{"@id":"https:\/\/dentist-lisbon-maire.pt\/en\/#website"},"primaryImageOfPage":{"@id":"https:\/\/dentist-lisbon-maire.pt\/en\/legal-notice\/#primaryimage"},"image":{"@id":"https:\/\/dentist-lisbon-maire.pt\/en\/legal-notice\/#primaryimage"},"thumbnailUrl":"https:\/\/dentist-lisbon-maire.pt\/wp-content\/uploads\/2022\/07\/dentiste-christian-maire-implants-dentaires.jpg","datePublished":"2022-08-06T16:28:03+00:00","dateModified":"2024-04-18T09:26:26+00:00","description":"The site is the property of Dr Christian Maire, dental surgeon in Lisbon: dental implants and surgery, grafts, wisdom teeth","breadcrumb":{"@id":"https:\/\/dentist-lisbon-maire.pt\/en\/legal-notice\/#breadcrumb"},"inLanguage":"en-US","potentialAction":[{"@type":"ReadAction","target":["https:\/\/dentist-lisbon-maire.pt\/en\/legal-notice\/"]}]},{"@type":"ImageObject","inLanguage":"en-US","@id":"https:\/\/dentist-lisbon-maire.pt\/en\/legal-notice\/#primaryimage","url":"https:\/\/dentist-lisbon-maire.pt\/wp-content\/uploads\/2022\/07\/dentiste-christian-maire-implants-dentaires.jpg","contentUrl":"https:\/\/dentist-lisbon-maire.pt\/wp-content\/uploads\/2022\/07\/dentiste-christian-maire-implants-dentaires.jpg","width":945,"height":800,"caption":"dentist christian maire dental implants"},{"@type":"BreadcrumbList","@id":"https:\/\/dentist-lisbon-maire.pt\/en\/legal-notice\/#breadcrumb","itemListElement":[{"@type":"ListItem","position":1,"name":"Home","item":"https:\/\/dentist-lisbon-maire.pt\/en\/"},{"@type":"ListItem","position":2,"name":"Legal notice"}]},{"@type":"WebSite","@id":"https:\/\/dentist-lisbon-maire.pt\/en\/#website","url":"https:\/\/dentist-lisbon-maire.pt\/en\/","name":"Dr Christian Maire | Chirurgien Dentiste \u00e0 Lisbonne","description":"Dr Christian Maire, dentiste \u00e0 Lisbonne : implant dentaire et chirurgie, greffes, dent de sagesse, facettes, proth\u00e8se dentaire","publisher":{"@id":"https:\/\/dentist-lisbon-maire.pt\/en\/#organization"},"alternateName":"Dr Christian Maire, dentiste \u00e0 Lisbonne : implant dentaire et chirurgie, greffes, dent de sagesse, facettes, proth\u00e8se dentaire","potentialAction":[{"@type":"SearchAction","target":{"@type":"EntryPoint","urlTemplate":"https:\/\/dentist-lisbon-maire.pt\/en\/?s={search_term_string}"},"query-input":{"@type":"PropertyValueSpecification","valueRequired":true,"valueName":"search_term_string"}}],"inLanguage":"en-US"},{"@type":"Organization","@id":"https:\/\/dentist-lisbon-maire.pt\/en\/#organization","name":"Dr Christian Maire | Chirurgien Dentiste \u00e0 Lisbonne","alternateName":"Dr Christian Maire, dentiste \u00e0 Lisbonne : implant dentaire et chirurgie, greffes, dent de sagesse, facettes, proth\u00e8se dentaire","url":"https:\/\/dentist-lisbon-maire.pt\/en\/","logo":{"@type":"ImageObject","inLanguage":"en-US","@id":"https:\/\/dentist-lisbon-maire.pt\/en\/#\/schema\/logo\/image\/","url":"https:\/\/dentist-lisbon-maire.pt\/wp-content\/uploads\/2023\/09\/Logo_Dr_Maire.png","contentUrl":"https:\/\/dentist-lisbon-maire.pt\/wp-content\/uploads\/2023\/09\/Logo_Dr_Maire.png","width":162,"height":70,"caption":"Dr Christian Maire | Chirurgien Dentiste \u00e0 Lisbonne"},"image":{"@id":"https:\/\/dentist-lisbon-maire.pt\/en\/#\/schema\/logo\/image\/"}}]}},"_links":{"self":[{"href":"https:\/\/dentist-lisbon-maire.pt\/en\/wp-json\/wp\/v2\/pages\/513","targetHints":{"allow":["GET"]}}],"collection":[{"href":"https:\/\/dentist-lisbon-maire.pt\/en\/wp-json\/wp\/v2\/pages"}],"about":[{"href":"https:\/\/dentist-lisbon-maire.pt\/en\/wp-json\/wp\/v2\/types\/page"}],"author":[{"embeddable":true,"href":"https:\/\/dentist-lisbon-maire.pt\/en\/wp-json\/wp\/v2\/users\/1"}],"replies":[{"embeddable":true,"href":"https:\/\/dentist-lisbon-maire.pt\/en\/wp-json\/wp\/v2\/comments?post=513"}],"version-history":[{"count":0,"href":"https:\/\/dentist-lisbon-maire.pt\/en\/wp-json\/wp\/v2\/pages\/513\/revisions"}],"wp:featuredmedia":[{"embeddable":true,"href":"https:\/\/dentist-lisbon-maire.pt\/en\/wp-json\/wp\/v2\/media\/514"}],"wp:attachment":[{"href":"https:\/\/dentist-lisbon-maire.pt\/en\/wp-json\/wp\/v2\/media?parent=513"}],"curies":[{"name":"wp","href":"https:\/\/api.w.org\/{rel}","templated":true}]}}